{"id":1519,"date":"2021-08-16T18:44:45","date_gmt":"2021-08-17T00:44:45","guid":{"rendered":"https:\/\/staging.waasglobalsandbox.com\/003\/?page_id=1519"},"modified":"2022-02-03T09:09:18","modified_gmt":"2022-02-03T15:09:18","slug":"terms-conditions","status":"publish","type":"page","link":"https:\/\/axcesstix.ca\/es\/terms-conditions\/","title":{"rendered":"T\u00e9rminos y condiciones"},"content":{"rendered":"<p>Please read these terms of service very carefully before registering for, or using, the AXCESS TIX SERVICES LIMITED web site and Service.\u00a0 These terms of service (\u201cAgreement\u201d) govern you accessing content and using www.axcesstix.ca (and any subdomains) and its affiliate\u2019s web sites and mobile applications.\u00a0 This Agreement between you (\u201cyou\u201d) and AXCESS TIX SERVICES LIMITED, is subject to change by us as described below.\u00a0 By registering on the site by using this site you (i) accept this Agreement; (ii) agree to be bound by these terms and conditions; and (iii) have entered into a binding agreement between you and AXCESS TIX SERVICES LIMITED.<\/p>\n<p>This web site and any other site powered by AXCESS TIX SERVICES LIMITED (collectively the \u201cSite\u201d) is owned and operated by AXCESS TIX SERVICES LIMITED (referred to as \u201cAXCESS TIX SERVICES LIMITED\u201d herein) or behalf of AXCESS TIX SERVICES LIMITED or for the AXCESS TIX SERVICES LIMITED\u2019 customer (referred to as \u201cCompany\u201d herein). The Site and its content (\u201cContent\u201d) and the AXCESS TIX SERVICES LIMITED virtual fair service (\u201cService\u201d) may only be accessed in accordance with this Agreement. Any violation of the copyright in the Content or these terms and conditions may be enforced by AXCESS TIX SERVICES LIMITED, Company, or the copyright owner to the fullest extent allowed by law.<\/p>\n<p>You acknowledge and agree that AXCESS TIX SERVICES LIMITED or Company may stop (permanently or temporarily) providing the Services (or any features within the Services) to you or to users generally at AXCESS TIX SERVICES LIMITED\u2019 and Company\u2019s sole discretion, without prior notice to you. You may stop using the Services at any time. You do not need to specifically inform AXCESS TIX SERVICES LIMITED and Company when you stop using the Services. You acknowledge and agree that if AXCESS TIX SERVICES LIMITED or Company disables access to your account, you may be prevented from accessing the Services, your account details or any files or other materials which is contained in your account.<\/p>\n<p>Usted se compromete a no acceder (o intentar acceder) a ninguno de los Servicios por ning\u00fan otro medio que no sea la interfaz proporcionada por AXCESS TIX SERVICES LIMITED y la Empresa, a menos que se le haya autorizado espec\u00edficamente a hacerlo en un acuerdo por separado con AXCESS TIX SERVICES LIMITED y\/o la Empresa. Usted se compromete a no realizar ninguna actividad que interfiera o perturbe los Servicios (o los servidores y redes conectados a los Servicios).\u00a0 A menos que se le haya autorizado espec\u00edficamente a hacerlo en un acuerdo por separado con AXCESS TIX SERVICES LIMITED o la Empresa, usted acepta que no reproducir\u00e1, duplicar\u00e1, copiar\u00e1, vender\u00e1, comerciar\u00e1 o revender\u00e1 los Servicios o cualquier cosa ubicada en el Sitio para cualquier prop\u00f3sito.\u00a0 Usted acepta que es el \u00fanico responsable (y que AXCESS TIX SERVICES LIMITED y la Empresa no tienen ninguna responsabilidad ante usted o ante terceros) de cualquier incumplimiento de sus obligaciones en virtud del presente Acuerdo y de las consecuencias (incluida cualquier p\u00e9rdida o da\u00f1o que AXCESS TIX SERVICES LIMITED y\/o la Empresa puedan sufrir) de dicho incumplimiento.<\/p>\n<p>AXCESS TIX SERVICES LIMITED y la Empresa no cobran por el acceso mediante su aplicaci\u00f3n m\u00f3vil; sin embargo, se aplicar\u00e1n las tarifas de su operador, como las tarifas por mensajes de texto y cargos por datos. Por la presente, usted reconoce, acepta y da su consentimiento para que los usuarios sincronicen cualquier dispositivo con su informaci\u00f3n.<\/p>\n<p>Usted comprende que el Sitio emplea el uso de cookies y por la presente reconoce y acepta que al usar el Sitio usted acepta el uso de cookies de acuerdo con la Pol\u00edtica de privacidad.<\/p>\n<p>Usted comprende que toda la informaci\u00f3n (como archivos de datos, texto escrito, software de computadora, m\u00fasica, archivos de audio u otros sonidos, fotograf\u00edas, videos u otras im\u00e1genes) a la que pueda tener acceso como parte de, o mediante el uso de, los Servicios son responsabilidad exclusiva de la persona de la que proceden dichos materiales, que puede ser usted.<\/p>\n<p>AXCESS TIX SERVICES LIMITED and Company allow the following organizations to link to the Site without prior written approval: (a) government agencies, (b) search engines, (c) news organizations, (d) online directory distributors when they list AXCESS TIX SERVICES LIMITED or Company in the directory may link to the Site in the same manner as they hyperlink to the websites of other listed businesses, (e) and system wide accredited businesses, except soliciting non-profit organizations, charity shopping malls, and charity fundraising groups which may not hyperlink to the Site. The above mentioned organizations may link to the AXCESS TIX SERVICES LIMITED or Company home page, to AXCESS TIX SERVICES LIMITED\u2019 and\/or Company\u2019s publications on the Site, or to other Site information so long as the link: (a) is not in any way misleading, (b) the link does not falsely imply sponsorship, endorsement or approval of the linking party and its products or services, and (c) fits within the context of the linking party\u2019s site. AXCESS TIX SERVICES LIMITED and Company may consider and approve, in their sole discretion, other link requests from the following types of organizations: (a) commonly-known consumer and\/or business information sources such as Chambers of Commerce, American Automobile Association, AARP and Consumers Union, (b) dot.com community sites, (c) associations or other groups representing charities, including charity giving sites, (d) online directory distributors, (e) internet portals, (f) accounting, law and consulting firms whose primary clients are businesses, and (g) educational institutions and trade associations. These organizations may link to the AXCESS TIX SERVICES LIMITED\u2019 and\/or Company Site homepage, to publications or to other website information provided that the link: (a) is not in any way misleading, (b) does not falsely imply sponsorship, endorsement or approval of the linking party and its products or services, and (c) fits within the context of the linking party\u2019s site. If you are among the organizations listed in this Section and are interested in linking to our website, you must notify AXCESS TIX SERVICES LIMITED and Company by sending an e-mail to info@axcesstix.ca. Please include your name, your organization name, contact information (such as a phone number and\/or e-mail address) as well as the URL of your site, a list of any URLs from which you intend to link to our Web site, and a list of the URL(s) on our site to which you would like to link. Please allow 2-3 weeks for a response. Approved organizations may hyperlink to the Site as follows (i) by use of the AXCESS TIX SERVICES LIMITED\u2019 or Company\u2019s corporate name, or (ii) by use of the uniform resource locator (web address) being linked to; or (iii) by use of any other description of the Site or material being linked to that makes sense within the context and format of content on the linking party\u2019s site. No use of AXCESS TIX SERVICES LIMITED\u2019 or Company\u2019s logo or other artwork will be allowed for linking absent a trademark license agreement.<\/p>\n<p>Sin la aprobaci\u00f3n previa y el permiso expreso por escrito de AXCESS TIX SERVICES LIMITED o de la Empresa, no podr\u00e1 crear marcos alrededor del Sitio ni utilizar otras t\u00e9cnicas que alteren en modo alguno la presentaci\u00f3n visual o el aspecto del Sitio.<\/p>\n<p>AXCESS TIX SERVICES LIMITED y la Empresa se reservan todos los derechos no concedidos espec\u00edficamente en el presente documento. Usted no modificar\u00e1 ning\u00fan aviso de derechos de autor, leyendas de propiedad, atribuciones de marcas comerciales y marcas de servicio, marcas de patentes y otros indicios de propiedad en el Contenido u otros materiales a los que se acceda a trav\u00e9s del Servicio.\u00a0 La entrega y licencia del Contenido y\/o el acceso a materiales de terceros no le transfiere a usted ning\u00fan derecho de uso comercial o promocional del Contenido ni de ninguna parte del mismo.\u00a0 Cualquier uso del Contenido, o descripciones; cualquier uso derivado de este Sitio o sus materiales; y cualquier uso de miner\u00eda de datos, robots o herramientas similares de recopilaci\u00f3n y extracci\u00f3n de datos est\u00e1 estrictamente prohibido.\u00a0 El usuario no podr\u00e1 en ning\u00fan caso enmarcar ninguna parte del Sitio ni ning\u00fan material contenido en el mismo.<\/p>\n<p>Si bien AXCESS TIX SERVICES LIMITED y la Empresa realizan esfuerzos razonables para incluir informaci\u00f3n precisa y actualizada en el Sitio, no garantizamos ni declaramos su exactitud. AXCESS TIX SERVICES LIMITED y la Empresa no asumen responsabilidad alguna por cualquier error o representaci\u00f3n en el Contenido o en este Sitio.<\/p>\n<p>The Site may contain links to other sites on the Internet which are owned and operated by Third Party Vendors and other third parties (the \u201cExternal Sites\u201d). You acknowledge that AXCESS TIX SERVICES LIMITED and Company are not responsible for the availability of, or the materials located on or through, any External Sites. You should contact the site administrator or webmaster for those External Sites if you have any concerns regarding such links or the materials located on such External Sites.<\/p>\n<p>Los usuarios del Sitio pueden publicar comentarios, rese\u00f1as y otros materiales, as\u00ed como enviar sugerencias, ideas u otra informaci\u00f3n, siempre que los materiales no contengan ning\u00fan contenido ilegal, da\u00f1ino, amenazador, abusivo, acosador, difamatorio, vulgar, obsceno o que incite al odio, o contenido que sea censurable desde el punto de vista racial, \u00e9tnico o de otro tipo, o que infrinja los derechos de terceros. El usuario reconoce que, al acceder al Sitio, puede entrar en contacto con contenidos que le resulten perjudiciales, ofensivos, amenazadores, indecentes o censurables, y reconoce que AXCESS TIX SERVICES LIMITED y la Empresa no tendr\u00e1n responsabilidad alguna frente al usuario por dichos contenidos, incluidos, entre otros, el lenguaje expl\u00edcito y otros materiales potencialmente ofensivos.\u00a0 El usuario se compromete a no suplantar a ninguna persona ni a comunicarse bajo un nombre falso o un nombre que el usuario no tenga derecho o autorizaci\u00f3n a utilizar.\u00a0 AXCESS TIX SERVICES LIMITED y la Empresa tienen el derecho (pero no la obligaci\u00f3n) de eliminar, prohibir, editar o interrumpir cualquier contenido del Sitio, incluido el contenido que haya sido publicado por los usuarios.<\/p>\n<p>Si publica contenido o env\u00eda material, a menos que dicho contenido o env\u00edo de material est\u00e9 sujeto a t\u00e9rminos y condiciones por separado, AXCESS TIX SERVICES LIMITED ser\u00e1 el propietario de dicho contenido y material, y por la presente usted cede cualquier derecho sobre dicho contenido y material a AXCESS TIX SERVICES LIMITED. En caso de que la propiedad del contenido o del material no pueda ser concedida a AXCESS TIX SERVICES LIMITED, usted concede a AXCESS TIX SERVICES LIMITED y a sus filiales un derecho y una licencia perpetuos, irrevocables, mundiales, libres de regal\u00edas, no exclusivos y sublicenciables para realizar, utilizar, vender, sublicenciar, reproducir, distribuir, ejecutar, mostrar, preparar obras derivadas y explotar de otro modo todo dicho contenido y material como si fuera el propietario total del mismo.\u00a0 Adem\u00e1s, usted concede a AXCESS TIX SERVICES LIMITED, sus filiales y sublicenciatarios el derecho a utilizar su nombre y\/o nombre de usuario en relaci\u00f3n con el contenido.\u00a0 Usted declara y garantiza que todos los contenidos y materiales que proporcione ser\u00e1n producto de su trabajo original y no se basar\u00e1n en, ni se derivar\u00e1n de, la informaci\u00f3n o los elementos de propiedad de un tercero.\u00a0 Adem\u00e1s, usted declara y garantiza que su uso del Servicio en relaci\u00f3n con cualquier contenido o contenido de terceros cumple con todas las leyes incluyendo, pero no limitado a, la ley de derechos de autor de los Estados Unidos.\u00a0 Usted defender\u00e1, indemnizar\u00e1 y mantendr\u00e1 indemne a AXCESS TIX SERVICES LIMITED y a sus filiales frente a cualquier reclamaci\u00f3n resultante de cualquier contenido o material que usted proporcione en virtud del presente o de su uso del Servicio.<\/p>\n<p>At your discretion, you may provide feedback to AXCESS TIX SERVICES LIMITED and Company concerning the functionality and performance of the Service from time to time, including, without limitation, identifying potential errors, improvements, modifications, bug fixes, or enhancements (\u201cFeedback\u201d). If you, through your evaluation or otherwise, suggests any Feedback, you hereby assign the ownership in all Feedback to AXCESS TIX SERVICES LIMITED.<\/p>","protected":false},"excerpt":{"rendered":"<p>Please read these terms of service very carefully before registering for, or using, the AXCESS TIX SERVICES LIMITED web site and Service.\u00a0 These terms of service (\u201cAgreement\u201d) govern you accessing content and using www.axcesstix.ca (and any subdomains) and its affiliate\u2019s web sites and mobile applications.\u00a0 This Agreement between you (\u201cyou\u201d) and AXCESS TIX SERVICES LIMITED, [&hellip;]<\/p>","protected":false},"author":4,"featured_media":0,"parent":0,"menu_order":0,"comment_status":"closed","ping_status":"closed","template":"","meta":{"footnotes":""},"class_list":["post-1519","page","type-page","status-publish","hentry"],"yoast_head":"<!-- This site is optimized with the Yoast SEO plugin v26.2 - https:\/\/yoast.com\/wordpress\/plugins\/seo\/ -->\n<title>Terms &amp; Conditions - Axcess Tix<\/title>\n<meta name=\"robots\" content=\"index, follow, max-snippet:-1, max-image-preview:large, max-video-preview:-1\" \/>\n<link rel=\"canonical\" href=\"https:\/\/axcesstix.ca\/es\/terms-conditions\/\" \/>\n<meta property=\"og:locale\" content=\"es_ES\" \/>\n<meta property=\"og:type\" content=\"article\" \/>\n<meta property=\"og:title\" content=\"Terms &amp; Conditions - Axcess Tix\" \/>\n<meta property=\"og:description\" content=\"Please read these terms of service very carefully before registering for, or using, the AXCESS TIX SERVICES LIMITED web site and Service.\u00a0 These terms of service (\u201cAgreement\u201d) govern you accessing content and using www.axcesstix.ca (and any subdomains) and its affiliate\u2019s web sites and mobile applications.\u00a0 This Agreement between you (\u201cyou\u201d) and AXCESS TIX SERVICES LIMITED, [&hellip;]\" \/>\n<meta property=\"og:url\" content=\"https:\/\/axcesstix.ca\/es\/terms-conditions\/\" \/>\n<meta property=\"og:site_name\" content=\"Axcess Tix\" \/>\n<meta property=\"article:modified_time\" content=\"2022-02-03T15:09:18+00:00\" \/>\n<meta name=\"twitter:card\" content=\"summary_large_image\" \/>\n<meta name=\"twitter:label1\" content=\"Tiempo de lectura\" \/>\n\t<meta name=\"twitter:data1\" content=\"9 minutos\" \/>\n<script type=\"application\/ld+json\" class=\"yoast-schema-graph\">{\"@context\":\"https:\/\/schema.org\",\"@graph\":[{\"@type\":\"WebPage\",\"@id\":\"https:\/\/axcesstix.ca\/terms-conditions\/\",\"url\":\"https:\/\/axcesstix.ca\/terms-conditions\/\",\"name\":\"Terms & Conditions - Axcess Tix\",\"isPartOf\":{\"@id\":\"https:\/\/axcesstix.ca\/#website\"},\"datePublished\":\"2021-08-17T00:44:45+00:00\",\"dateModified\":\"2022-02-03T15:09:18+00:00\",\"breadcrumb\":{\"@id\":\"https:\/\/axcesstix.ca\/terms-conditions\/#breadcrumb\"},\"inLanguage\":\"es\",\"potentialAction\":[{\"@type\":\"ReadAction\",\"target\":[\"https:\/\/axcesstix.ca\/terms-conditions\/\"]}]},{\"@type\":\"BreadcrumbList\",\"@id\":\"https:\/\/axcesstix.ca\/terms-conditions\/#breadcrumb\",\"itemListElement\":[{\"@type\":\"ListItem\",\"position\":1,\"name\":\"Home\",\"item\":\"https:\/\/axcesstix.ca\/\"},{\"@type\":\"ListItem\",\"position\":2,\"name\":\"Terms &#038; Conditions\"}]},{\"@type\":\"WebSite\",\"@id\":\"https:\/\/axcesstix.ca\/#website\",\"url\":\"https:\/\/axcesstix.ca\/\",\"name\":\"Axcess Tix\",\"description\":\"\",\"potentialAction\":[{\"@type\":\"SearchAction\",\"target\":{\"@type\":\"EntryPoint\",\"urlTemplate\":\"https:\/\/axcesstix.ca\/?s={search_term_string}\"},\"query-input\":{\"@type\":\"PropertyValueSpecification\",\"valueRequired\":true,\"valueName\":\"search_term_string\"}}],\"inLanguage\":\"es\"}]}<\/script>\n<!-- \/ Yoast SEO plugin. -->","yoast_head_json":{"title":"Terms & Conditions - Axcess Tix","robots":{"index":"index","follow":"follow","max-snippet":"max-snippet:-1","max-image-preview":"max-image-preview:large","max-video-preview":"max-video-preview:-1"},"canonical":"https:\/\/axcesstix.ca\/es\/terms-conditions\/","og_locale":"es_ES","og_type":"article","og_title":"Terms & Conditions - Axcess Tix","og_description":"Please read these terms of service very carefully before registering for, or using, the AXCESS TIX SERVICES LIMITED web site and Service.\u00a0 These terms of service (\u201cAgreement\u201d) govern you accessing content and using www.axcesstix.ca (and any subdomains) and its affiliate\u2019s web sites and mobile applications.\u00a0 This Agreement between you (\u201cyou\u201d) and AXCESS TIX SERVICES LIMITED, [&hellip;]","og_url":"https:\/\/axcesstix.ca\/es\/terms-conditions\/","og_site_name":"Axcess Tix","article_modified_time":"2022-02-03T15:09:18+00:00","twitter_card":"summary_large_image","twitter_misc":{"Tiempo de lectura":"9 minutos"},"schema":{"@context":"https:\/\/schema.org","@graph":[{"@type":"WebPage","@id":"https:\/\/axcesstix.ca\/terms-conditions\/","url":"https:\/\/axcesstix.ca\/terms-conditions\/","name":"Terms & Conditions - Axcess Tix","isPartOf":{"@id":"https:\/\/axcesstix.ca\/#website"},"datePublished":"2021-08-17T00:44:45+00:00","dateModified":"2022-02-03T15:09:18+00:00","breadcrumb":{"@id":"https:\/\/axcesstix.ca\/terms-conditions\/#breadcrumb"},"inLanguage":"es","potentialAction":[{"@type":"ReadAction","target":["https:\/\/axcesstix.ca\/terms-conditions\/"]}]},{"@type":"BreadcrumbList","@id":"https:\/\/axcesstix.ca\/terms-conditions\/#breadcrumb","itemListElement":[{"@type":"ListItem","position":1,"name":"Home","item":"https:\/\/axcesstix.ca\/"},{"@type":"ListItem","position":2,"name":"Terms &#038; Conditions"}]},{"@type":"WebSite","@id":"https:\/\/axcesstix.ca\/#website","url":"https:\/\/axcesstix.ca\/","name":"Axcess Tix","description":"","potentialAction":[{"@type":"SearchAction","target":{"@type":"EntryPoint","urlTemplate":"https:\/\/axcesstix.ca\/?s={search_term_string}"},"query-input":{"@type":"PropertyValueSpecification","valueRequired":true,"valueName":"search_term_string"}}],"inLanguage":"es"}]}},"_links":{"self":[{"href":"https:\/\/axcesstix.ca\/es\/wp-json\/wp\/v2\/pages\/1519","targetHints":{"allow":["GET"]}}],"collection":[{"href":"https:\/\/axcesstix.ca\/es\/wp-json\/wp\/v2\/pages"}],"about":[{"href":"https:\/\/axcesstix.ca\/es\/wp-json\/wp\/v2\/types\/page"}],"author":[{"embeddable":true,"href":"https:\/\/axcesstix.ca\/es\/wp-json\/wp\/v2\/users\/4"}],"replies":[{"embeddable":true,"href":"https:\/\/axcesstix.ca\/es\/wp-json\/wp\/v2\/comments?post=1519"}],"version-history":[{"count":3,"href":"https:\/\/axcesstix.ca\/es\/wp-json\/wp\/v2\/pages\/1519\/revisions"}],"predecessor-version":[{"id":1617,"href":"https:\/\/axcesstix.ca\/es\/wp-json\/wp\/v2\/pages\/1519\/revisions\/1617"}],"wp:attachment":[{"href":"https:\/\/axcesstix.ca\/es\/wp-json\/wp\/v2\/media?parent=1519"}],"curies":[{"name":"wp","href":"https:\/\/api.w.org\/{rel}","templated":true}]}}