{"id":7,"date":"2015-12-04T02:08:28","date_gmt":"2015-12-04T02:08:28","guid":{"rendered":"http:\/\/theme-fusion.com\/avada\/construction\/?page_id=7"},"modified":"2024-10-15T22:22:31","modified_gmt":"2024-10-16T04:22:31","slug":"about","status":"publish","type":"page","link":"https:\/\/axcesstix.ca\/es\/about\/","title":{"rendered":"Acerca de"},"content":{"rendered":"<p><div class=\"fusion-bg-parallax\" data-bg-align=\"center top\" data-direction=\"down\" data-mute=\"false\" data-opacity=\"100\" data-velocity=\"-0.3\" data-mobile-enabled=\"false\" data-break_parents=\"0\" data-bg-image=\"https:\/\/axcesstix.ca\/wp-content\/uploads\/about.jpg\" data-bg-repeat=\"false\" ><\/div><div class=\"fusion-fullwidth fullwidth-box fusion-builder-row-1 fusion-flex-container fusion-parallax-down nonhundred-percent-fullwidth non-hundred-percent-height-scrolling lazyload\" style=\"background-color: rgba(255,255,255,0);background-position: center top;background-repeat: no-repeat;border-width: 0px 0px 0px 0px;border-color:#eae9e9;border-style:solid;-webkit-background-size:cover;-moz-background-size:cover;-o-background-size:cover;background-size:cover;\" data-bg=\"https:\/\/axcesstix.ca\/wp-content\/uploads\/about.jpg\" ><div class=\"fusion-builder-row fusion-row fusion-flex-align-items-flex-start fusion-flex-align-content-center\" style=\"max-width:1216.8px;margin-left: calc(-4% \/ 2 );margin-right: calc(-4% \/ 2 );\"><div class=\"fusion-layout-column fusion_builder_column fusion-builder-column-0 fusion_builder_column_1_1 1_1 fusion-flex-column fusion-animated\" data-animationtype=\"fadeInUp\" data-animationduration=\"1.0\" data-animationoffset=\"top-into-view\"><div class=\"fusion-column-wrapper fusion-flex-justify-content-flex-start fusion-content-layout-column\" style=\"background-position:left top;background-repeat:no-repeat;-webkit-background-size:cover;-moz-background-size:cover;-o-background-size:cover;background-size:cover;padding: 0px 0px 0px 0px;\"><style type=\"text\/css\">@media only screen and (max-width:1024px) {.fusion-title.fusion-title-1{margin-top:0px!important; margin-right:0px!important;margin-bottom:0px!important;margin-left:0px!important;}}@media only screen and (max-width:640px) {.fusion-title.fusion-title-1{margin-top:0px!important; margin-right:0px!important;margin-bottom:20px!important; margin-left:0px!important;}}<\/style><div class=\"fusion-title title fusion-title-1 fusion-sep-none fusion-title-center fusion-title-text fusion-title-size-one\" style=\"font-size:60px;margin-top:0px;margin-right:0px;margin-bottom:0px;margin-left:0px;\"><h1 class=\"title-heading-center fusion-responsive-typography-calculated\" style=\"font-family:&quot;Raleway&quot;;font-weight:800;margin:0;font-size:1em;color:#ffffff;--fontSize:60;line-height:1.40;\">ACERCA DE AXCESS TIX<\/h1><\/div><\/div><style type=\"text\/css\">.fusion-body .fusion-builder-column-0{width:100% !important;margin-top : 0px;margin-bottom : 0px;}.fusion-builder-column-0 > .fusion-column-wrapper {padding-top : 0px !important;padding-right : 0px !important;margin-right : 1.92%;padding-bottom : 0px !important;padding-left : 0px !important;margin-left : 1.92%;}@media only screen and (max-width:1024px) {.fusion-body .fusion-builder-column-0{width:100% !important;order : 0;}.fusion-builder-column-0 > .fusion-column-wrapper {margin-right : 1.92%;margin-left : 1.92%;}}@media only screen and (max-width:640px) {.fusion-body .fusion-builder-column-0{width:100% !important;order : 0;}.fusion-builder-column-0 > .fusion-column-wrapper {margin-right : 1.92%;margin-left : 1.92%;}}<\/style><\/div><\/div><style type=\"text\/css\">.fusion-body .fusion-flex-container.fusion-builder-row-1{ padding-top : 0px;margin-top : 0px;padding-right : 0px;padding-bottom : 0px;margin-bottom : 0px;padding-left : 0px;min-height:calc(80vh - 162px);}<\/style><\/div><div class=\"fusion-fullwidth fullwidth-box fusion-builder-row-2 fusion-flex-container hundred-percent-fullwidth non-hundred-percent-height-scrolling\" style=\"background-color: #fed03d;background-position: left top;background-repeat: no-repeat;border-width: 0px 0px 0px 0px;border-color:#eae9e9;border-style:solid;\" ><div class=\"fusion-builder-row fusion-row fusion-flex-align-items-center\" style=\"width:calc( 100% + 0px ) !important;max-width:calc( 100% + 0px ) !important;margin-left: calc(-0px \/ 2 );margin-right: calc(-0px \/ 2 );\"><div class=\"fusion-layout-column fusion_builder_column fusion-builder-column-1 fusion_builder_column_3_4 3_4 fusion-flex-column fusion-flex-align-self-center fusion-animated\" data-animationtype=\"slideInLeft\" data-animationduration=\"1.5\" data-animationoffset=\"top-into-view\"><div class=\"fusion-column-wrapper fusion-flex-justify-content-space-around fusion-content-layout-column\" style=\"background-position:left top;background-repeat:no-repeat;-webkit-background-size:cover;-moz-background-size:cover;-o-background-size:cover;background-size:cover;padding: 0px 0px 0px 0px;\"><div class=\"fusion-text fusion-text-1 fusion-text-no-margin\" style=\"margin-top:0px;margin-bottom:0px;\"><h2 style=\"font-weight: 300;text-align: center\">\u00a1Traduzca su visi\u00f3n en una experiencia maravillosa para las personas!<\/h2>\n<\/div><\/div><style type=\"text\/css\">.fusion-body .fusion-builder-column-1{width:75% !important;margin-top : 0px;margin-bottom : 0px;}.fusion-builder-column-1 > .fusion-column-wrapper {padding-top : 0px !important;padding-right : 0px !important;margin-right : calc( 0.04 * calc( 100% - 0px ) );padding-bottom : 0px !important;padding-left : 0px !important;margin-left : 0px;}@media only screen and (max-width:1024px) {.fusion-body .fusion-builder-column-1{width:100% !important;order : 0;}.fusion-builder-column-1 > .fusion-column-wrapper {margin-right : 0px;margin-left : 0px;}}@media only screen and (max-width:640px) {.fusion-body .fusion-builder-column-1{width:100% !important;order : 0;}.fusion-builder-column-1 > .fusion-column-wrapper {margin-right : 0px;margin-left : 0px;}}<\/style><\/div><div class=\"fusion-layout-column fusion_builder_column fusion-builder-column-2 fusion_builder_column_1_4 1_4 fusion-flex-column fusion-animated\" data-animationtype=\"slideInRight\" data-animationduration=\"1.5\" data-animationoffset=\"top-into-view\"><div class=\"fusion-column-wrapper fusion-flex-justify-content-flex-start fusion-content-layout-column\" style=\"background-position:left top;background-repeat:no-repeat;-webkit-background-size:cover;-moz-background-size:cover;-o-background-size:cover;background-size:cover;padding: 0px 0px 0px 0px;\"><div style=\"text-align:center;\"><style type=\"text\/css\">.fusion-button.button-1 .fusion-button-text, .fusion-button.button-1 i {color:#ffffff;}.fusion-button.button-1 .fusion-button-icon-divider{border-color:#ffffff;}.fusion-button.button-1:hover .fusion-button-text, .fusion-button.button-1:hover i,.fusion-button.button-1:focus .fusion-button-text, .fusion-button.button-1:focus i,.fusion-button.button-1:active .fusion-button-text, .fusion-button.button-1:active{color:#333333;}.fusion-button.button-1:hover .fusion-button-icon-divider, .fusion-button.button-1:hover .fusion-button-icon-divider, .fusion-button.button-1:active .fusion-button-icon-divider{border-color:#333333;}.fusion-button.button-1:hover, .fusion-button.button-1:focus, .fusion-button.button-1:active{border-color:#333333;border-width:2px;}.fusion-button.button-1 {border-color:#ffffff;border-width:2px;border-radius:0px;}.fusion-button.button-1{background: #333333;}.fusion-button.button-1:hover,.button-1:focus,.fusion-button.button-1:active{background: #ffffff;}<\/style><a class=\"fusion-button button-flat button-xlarge button-custom button-1 fusion-button-default-span fusion-button-default-type\" target=\"_self\" href=\"https:\/\/axcesstix.ca\/es\/get-quote\/\"><span class=\"fusion-button-text\">Consigue una cotizaci\u00f3n<\/span><\/a><\/div><\/div><style type=\"text\/css\">.fusion-body .fusion-builder-column-2{width:25% !important;margin-top : 0px;margin-bottom : 0px;}.fusion-builder-column-2 > .fusion-column-wrapper {padding-top : 0px !important;padding-right : 0px !important;margin-right : 0px;padding-bottom : 0px !important;padding-left : 0px !important;margin-left : calc( 0.04 * calc( 100% - 0px ) );}@media only screen and (max-width:1024px) {.fusion-body .fusion-builder-column-2{width:100% !important;order : 0;}.fusion-builder-column-2 > .fusion-column-wrapper {margin-right : 0px;margin-left : 0px;}}@media only screen and (max-width:640px) {.fusion-body .fusion-builder-column-2{width:100% !important;order : 0;}.fusion-builder-column-2 > .fusion-column-wrapper {margin-right : 0px;margin-left : 0px;}}<\/style><\/div><\/div><style type=\"text\/css\">.fusion-body .fusion-flex-container.fusion-builder-row-2{ padding-top : 50px;margin-top : 0px;padding-right : 0px;padding-bottom : 50px;margin-bottom : 0px;padding-left : 0px;}<\/style><\/div>\n<div class=\"fusion-fullwidth fullwidth-box fusion-builder-row-3 fusion-flex-container mass-responsive-section hundred-percent-fullwidth non-hundred-percent-height-scrolling\" style=\"background-color: rgba(255,255,255,0);background-position: left top;background-repeat: no-repeat;border-width: 0px 0px 0px 0px;border-color:#eae9e9;border-style:solid;\" id=\"section1\" ><div class=\"fusion-builder-row fusion-row fusion-flex-align-items-flex-start\" style=\"width:calc( 100% + 0px ) !important;max-width:calc( 100% + 0px ) !important;margin-left: calc(-0px \/ 2 );margin-right: calc(-0px \/ 2 );\"><div class=\"fusion-layout-column fusion_builder_column fusion-builder-column-3 fusion_builder_column_1_1 1_1 fusion-flex-column mass-intro\"><div class=\"fusion-column-wrapper fusion-flex-justify-content-flex-start fusion-content-layout-column\" style=\"background-position:left top;background-repeat:no-repeat;-webkit-background-size:cover;-moz-background-size:cover;-o-background-size:cover;background-size:cover;padding: 0px 15% 0px 15%;\"><div class=\"fusion-text fusion-text-2\" style=\"font-size:18px;\"><p>AXCESS TIX SERVICES LIMITED es una empresa l\u00edder en la promoci\u00f3n y gesti\u00f3n de eventos, comprometida con maximizar la asistencia y el impacto de sus encuentros. Nuestra especialidad radica en planificar y comercializar eventos de manera efectiva, adapt\u00e1ndonos a sus necesidades espec\u00edficas para garantizar el \u00e9xito. Desde conciertos y obras de teatro hasta seminarios y webinars, ofrecemos soluciones integrales que simplifican el proceso de promoci\u00f3n y venta de entradas, asegurando que su evento alcance su m\u00e1ximo potencial.<\/p>\n<p><strong>Objetivos:<\/strong><\/p>\n<p>Our primary goal is to increase visibility and participation at events of all types, ensuring that every occasion receives the attention it deserves. We are dedicated to building strong and engaged audiences through innovative and effective digital marketing strategies.<\/p>\n<p><strong>Misi\u00f3n:<\/strong><\/p>\n<p>Nuestra misi\u00f3n es transformar su visi\u00f3n en una experiencia inolvidable para los asistentes. A trav\u00e9s de nuestra plataforma todo en uno, ofrecemos una gesti\u00f3n de eventos sin complicaciones, desde la planificaci\u00f3n hasta la ejecuci\u00f3n, garantizando un retorno significativo de su inversi\u00f3n.<\/p>\n<p><strong>Visi\u00f3n:<\/strong><\/p>\n<p>Aspiramos a ser la plataforma de referencia a nivel mundial para la promoci\u00f3n y gesti\u00f3n de eventos, proporcionando herramientas avanzadas y accesibles que permitan a nuestros clientes alcanzar y superar sus objetivos de asistencia y engagement.<\/p>\n<p><strong>Trayectoria:<\/strong><\/p>\n<p>Desde nuestros inicios, hemos trabajado con miles de eventos en Canad\u00e1 y m\u00e1s all\u00e1, construyendo una reputaci\u00f3n s\u00f3lida por nuestra capacidad de entrega y resultados. Con a\u00f1os de experiencia en el sector, hemos perfeccionado nuestros servicios para adaptarnos a las tendencias cambiantes del mercado y las necesidades de nuestros clientes.<\/p>\n<p><strong>Valores:<\/strong><\/p>\n<p><strong>Innovaci\u00f3n:<\/strong> Nos mantenemos a la vanguardia de la tecnolog\u00eda y las tendencias de marketing para ofrecer soluciones modernas y efectivas.<\/p>\n<p><strong>Compromiso:<\/strong> Nos dedicamos a cada proyecto con la m\u00e1xima atenci\u00f3n al detalle, asegurando que cada evento sea un \u00e9xito.<\/p>\n<p><strong>Integridad:<\/strong> Operamos con transparencia y honestidad, construyendo relaciones de confianza con nuestros clientes y socios.<\/p>\n<p><strong>Excelencia:<\/strong> Buscamos superar las expectativas en cada etapa del proceso de gesti\u00f3n de eventos.<\/p>\n<p>Con AXCESS TIX SERVICES LIMITED, cada evento tiene el potencial de convertirse en una experiencia \u00e9pica y memorable.<\/p>\n<\/div><\/div><style type=\"text\/css\">.fusion-body .fusion-builder-column-3{width:100% !important;margin-top : 42px;margin-bottom : 20px;}.fusion-builder-column-3 > .fusion-column-wrapper {padding-top : 0px !important;padding-right : 15% !important;margin-right : 0px;padding-bottom : 0px !important;padding-left : 15% !important;margin-left : 0px;}@media only screen and (max-width:1024px) {.fusion-body .fusion-builder-column-3{width:100% !important;}.fusion-builder-column-3 > .fusion-column-wrapper {padding-right : 60px !important;margin-right : 0px;padding-left : 60px !important;margin-left : 0px;}}@media only screen and (max-width:640px) {.fusion-body .fusion-builder-column-3{width:100% !important;}.fusion-builder-column-3 > .fusion-column-wrapper {padding-right : 40px !important;margin-right : 0px;padding-left : 40px !important;margin-left : 0px;}}<\/style><\/div><\/div><style type=\"text\/css\">.fusion-body .fusion-flex-container.fusion-builder-row-3{ padding-top : 3%;margin-top : 0px;padding-right : 0px;padding-bottom : 0px;margin-bottom : 0px;padding-left : 0px;}<\/style><\/div><\/p>","protected":false},"excerpt":{"rendered":"","protected":false},"author":4,"featured_media":0,"parent":0,"menu_order":0,"comment_status":"closed","ping_status":"closed","template":"100-width.php","meta":{"footnotes":""},"class_list":["post-7","page","type-page","status-publish","hentry"],"yoast_head":"<!-- This site is optimized with the Yoast SEO plugin v26.2 - https:\/\/yoast.com\/wordpress\/plugins\/seo\/ -->\n<title>About - Axcess Tix<\/title>\n<meta name=\"robots\" content=\"index, follow, max-snippet:-1, max-image-preview:large, max-video-preview:-1\" \/>\n<link rel=\"canonical\" href=\"https:\/\/axcesstix.ca\/es\/about\/\" \/>\n<meta property=\"og:locale\" content=\"es_ES\" \/>\n<meta property=\"og:type\" content=\"article\" \/>\n<meta property=\"og:title\" content=\"About - Axcess Tix\" \/>\n<meta property=\"og:url\" content=\"https:\/\/axcesstix.ca\/es\/about\/\" \/>\n<meta property=\"og:site_name\" content=\"Axcess Tix\" \/>\n<meta property=\"article:modified_time\" content=\"2024-10-16T04:22:31+00:00\" \/>\n<meta name=\"twitter:card\" content=\"summary_large_image\" \/>\n<meta name=\"twitter:label1\" content=\"Tiempo de lectura\" \/>\n\t<meta name=\"twitter:data1\" content=\"4 minutos\" \/>\n<script type=\"application\/ld+json\" class=\"yoast-schema-graph\">{\"@context\":\"https:\/\/schema.org\",\"@graph\":[{\"@type\":\"WebPage\",\"@id\":\"https:\/\/axcesstix.ca\/about\/\",\"url\":\"https:\/\/axcesstix.ca\/about\/\",\"name\":\"About - Axcess Tix\",\"isPartOf\":{\"@id\":\"https:\/\/axcesstix.ca\/#website\"},\"datePublished\":\"2015-12-04T02:08:28+00:00\",\"dateModified\":\"2024-10-16T04:22:31+00:00\",\"breadcrumb\":{\"@id\":\"https:\/\/axcesstix.ca\/about\/#breadcrumb\"},\"inLanguage\":\"es\",\"potentialAction\":[{\"@type\":\"ReadAction\",\"target\":[\"https:\/\/axcesstix.ca\/about\/\"]}]},{\"@type\":\"BreadcrumbList\",\"@id\":\"https:\/\/axcesstix.ca\/about\/#breadcrumb\",\"itemListElement\":[{\"@type\":\"ListItem\",\"position\":1,\"name\":\"Home\",\"item\":\"https:\/\/axcesstix.ca\/\"},{\"@type\":\"ListItem\",\"position\":2,\"name\":\"About\"}]},{\"@type\":\"WebSite\",\"@id\":\"https:\/\/axcesstix.ca\/#website\",\"url\":\"https:\/\/axcesstix.ca\/\",\"name\":\"Axcess Tix\",\"description\":\"\",\"potentialAction\":[{\"@type\":\"SearchAction\",\"target\":{\"@type\":\"EntryPoint\",\"urlTemplate\":\"https:\/\/axcesstix.ca\/?s={search_term_string}\"},\"query-input\":{\"@type\":\"PropertyValueSpecification\",\"valueRequired\":true,\"valueName\":\"search_term_string\"}}],\"inLanguage\":\"es\"}]}<\/script>\n<!-- \/ Yoast SEO plugin. -->","yoast_head_json":{"title":"About - Axcess Tix","robots":{"index":"index","follow":"follow","max-snippet":"max-snippet:-1","max-image-preview":"max-image-preview:large","max-video-preview":"max-video-preview:-1"},"canonical":"https:\/\/axcesstix.ca\/es\/about\/","og_locale":"es_ES","og_type":"article","og_title":"About - Axcess Tix","og_url":"https:\/\/axcesstix.ca\/es\/about\/","og_site_name":"Axcess Tix","article_modified_time":"2024-10-16T04:22:31+00:00","twitter_card":"summary_large_image","twitter_misc":{"Tiempo de lectura":"4 minutos"},"schema":{"@context":"https:\/\/schema.org","@graph":[{"@type":"WebPage","@id":"https:\/\/axcesstix.ca\/about\/","url":"https:\/\/axcesstix.ca\/about\/","name":"About - Axcess Tix","isPartOf":{"@id":"https:\/\/axcesstix.ca\/#website"},"datePublished":"2015-12-04T02:08:28+00:00","dateModified":"2024-10-16T04:22:31+00:00","breadcrumb":{"@id":"https:\/\/axcesstix.ca\/about\/#breadcrumb"},"inLanguage":"es","potentialAction":[{"@type":"ReadAction","target":["https:\/\/axcesstix.ca\/about\/"]}]},{"@type":"BreadcrumbList","@id":"https:\/\/axcesstix.ca\/about\/#breadcrumb","itemListElement":[{"@type":"ListItem","position":1,"name":"Home","item":"https:\/\/axcesstix.ca\/"},{"@type":"ListItem","position":2,"name":"About"}]},{"@type":"WebSite","@id":"https:\/\/axcesstix.ca\/#website","url":"https:\/\/axcesstix.ca\/","name":"Axcess Tix","description":"","potentialAction":[{"@type":"SearchAction","target":{"@type":"EntryPoint","urlTemplate":"https:\/\/axcesstix.ca\/?s={search_term_string}"},"query-input":{"@type":"PropertyValueSpecification","valueRequired":true,"valueName":"search_term_string"}}],"inLanguage":"es"}]}},"_links":{"self":[{"href":"https:\/\/axcesstix.ca\/es\/wp-json\/wp\/v2\/pages\/7","targetHints":{"allow":["GET"]}}],"collection":[{"href":"https:\/\/axcesstix.ca\/es\/wp-json\/wp\/v2\/pages"}],"about":[{"href":"https:\/\/axcesstix.ca\/es\/wp-json\/wp\/v2\/types\/page"}],"author":[{"embeddable":true,"href":"https:\/\/axcesstix.ca\/es\/wp-json\/wp\/v2\/users\/4"}],"replies":[{"embeddable":true,"href":"https:\/\/axcesstix.ca\/es\/wp-json\/wp\/v2\/comments?post=7"}],"version-history":[{"count":18,"href":"https:\/\/axcesstix.ca\/es\/wp-json\/wp\/v2\/pages\/7\/revisions"}],"predecessor-version":[{"id":2092,"href":"https:\/\/axcesstix.ca\/es\/wp-json\/wp\/v2\/pages\/7\/revisions\/2092"}],"wp:attachment":[{"href":"https:\/\/axcesstix.ca\/es\/wp-json\/wp\/v2\/media?parent=7"}],"curies":[{"name":"wp","href":"https:\/\/api.w.org\/{rel}","templated":true}]}}